{"id":39,"date":"2022-12-28T12:06:03","date_gmt":"2022-12-28T12:06:03","guid":{"rendered":"https:\/\/www.cic-weissach.de\/?page_id=39"},"modified":"2023-01-31T11:57:51","modified_gmt":"2023-01-31T11:57:51","slug":"impressum","status":"publish","type":"page","link":"https:\/\/www.cic-weissach.de\/en\/impressum","title":{"rendered":"Imprint"},"content":{"rendered":"<div data-parent=\"true\" class=\"vc_row row-container\" style=\"z-index: 1;\" id=\"row-unique-0\"><div class=\"row unequal single-top-padding double-bottom-padding single-h-padding limit-width row-parent\"><div class=\"wpb_row shift_y_neg_quad shift_y_fixed row-inner\"><div class=\"wpb_column pos-top pos-center align_left column_parent col-lg-12 half-internal-gutter z_index_1\"><div class=\"uncol style-light shift_y_neg_single shift_y_fixed animate_when_almost_visible bottom-t-top\"  ><div class=\"uncoltable\"><div class=\"uncell single-block-padding style-color-xsdn-bg unshadow-sm unradius-sm\" ><div class=\"uncont\"><div class=\"vc_row inverted-device-order row-internal row-container\"><div class=\"row unequal col-half-gutter row-child\"><div class=\"wpb_row row-inner\"><div class=\"wpb_column pos-top pos-center align_left column_child col-lg-6 single-internal-gutter\"><div class=\"uncol style-light\" ><div class=\"uncoltable\"><div class=\"uncell no-block-padding\" ><div class=\"uncont\"><div class=\"uncode_text_column vc_custom_1673880930886\"  style=\"padding-top: 9px ;padding-bottom: 9px ;padding-left: 9px ;\"><\/p>\n<h3>CIC Automotive GmbH<\/h3>\n<p>Hart 9<br \/>\nD-71554 Weissach im Tal<br \/>\nGermany<\/p>\n<p>Tel.: +49 7191 903309-0<br \/>\nFax: +49 7191 903309-90<\/p>\n<p>info@cic-weissach.de<br \/>\nwww.cic-pneumatic.de<\/p>\n<p>VAT: DE\u00a0333\u00a0037\u00a0541<br \/>\nD-U-N-S Nr. : 343237274<br \/>\nSt.-Nr.: 51062\/06679<\/p>\n<p>District Court: Stuttgart, HRB\u00a0774611<\/p>\n<p>Managing director and responsible for content:<br \/>\nKlaus Czerwonka<\/p>\n<\/div><\/div><\/div><\/div><\/div><\/div><div class=\"wpb_column pos-top pos-center align_left column_child col-lg-6 single-internal-gutter\"><div class=\"uncol style-light\" ><div class=\"uncoltable\"><div class=\"uncell no-block-padding  unradius-sm\" ><div class=\"uncont\"><div class=\"uncode_text_column vc_custom_1673951401939\"  style=\"padding-top: 9px ;padding-bottom: 9px ;padding-left: 9px ;\"><\/p>\n<h3>CIC Klaus Czerwonka<\/h3>\n<p>pneumatic-mechanic-services in automotive<\/p>\n<p>Hart 9<br \/>\nD-71554 Weissach im Tal<br \/>\nGermany<\/p>\n<p>Tel.: +49 7191 903309-0<br \/>\nFax: +49 7191 903309-90<\/p>\n<p>info@cic-weissach.de<br \/>\nwww.cic-pneumatic.de<\/p>\n<p>VAT: DE\u00a0144\u00a0735\u00a0808<br \/>\nD-U-N-S Nr. : 32-528-1090<br \/>\nSt.-Nr.: 51140\/14002<\/p>\n<p>Owner and responsible for content:<br \/>\nKlaus Czerwonka<\/p>\n<\/div><\/div><\/div><\/div><\/div><\/div><\/div><\/div><\/div><div class=\"vc_row row-internal row-container\"><div class=\"row row-child\"><div class=\"wpb_row row-inner\"><div class=\"wpb_column pos-top pos-center align_left column_child col-lg-12 half-internal-gutter\"><div class=\"uncol style-light\" ><div class=\"uncoltable\"><div class=\"uncell no-block-padding\" ><div class=\"uncont\" style=\"max-width:99%;\"><div class=\"divider-wrapper\"  >\n    <hr class=\"separator-no-padding\"  \/>\n<\/div>\n<\/div><\/div><\/div><\/div><\/div><\/div><\/div><\/div><div class=\"vc_row row-internal row-container\"><div class=\"row row-child\"><div class=\"wpb_row row-inner\"><div class=\"wpb_column pos-top pos-center align_left column_child col-lg-12 single-internal-gutter\"><div class=\"uncol style-light\" ><div class=\"uncoltable\"><div class=\"uncell no-block-padding\" ><div class=\"uncont\"><div class=\"uncode_text_column vc_custom_1673280734670\"  style=\"padding-top: 9px ;padding-bottom: 9px ;padding-left: 9px ;\"><\/p>\n<h3>Disclaimer<\/h3>\n<p><strong>Copyright and Trademark Law:<\/strong><\/p>\n<p class=\" translation-block\">The author endeavors to observe and indicate the copyrights of the graphics, audio documents, video sequences and texts used in all publications or, if possible, to use license-free graphics, audio documents, video sequences and texts. Every effort has been made to identify all known sources and places of origin of the image or text documents presented.\nIf people or interest groups feel that their copyright or copyright has been violated despite the source being cited, we ask that you send a short and problem-free email, upon receipt of which all files in question will be removed immediately.\nAll brand names and trademarks mentioned within the website and possibly protected by third parties are subject without restriction to the provisions of the applicable trademark law and the ownership rights of the respective registered owners. The conclusion that the files used are not protected by the corresponding rights of third parties should not be drawn based solely on their use on this website!<\/p>\n<p><strong>Content of the online offer:<\/strong><\/p>\n<p class=\" translation-block\">The author assumes no liability for the topicality, correctness, completeness or quality of the information provided.<br>\nLiability claims against the author relating to material or immaterial damage caused by the use or non-use of the information provided or by the use of incorrect and incomplete information are fundamentally excluded, unless the author can be proven to have acted intentionally or with gross negligence Fault exists.<br>\nAll offers are subject to change and non-binding.<br>\nThe author expressly reserves the right to change, supplement or delete parts of the pages or the entire offer without separate notice or to temporarily or permanently stop publication.<\/p>\n<p><strong>References and links:<\/strong><\/p>\n<p class=\" translation-block\">In the case of direct or indirect references to external websites (\"hyperlinks\") that lie outside the author's area of responsibility, a liability obligation would only come into force in the case in which the author is aware of the content and it would be technically possible and reasonable for him to prevent use in the event of illegal content.<br>\nThe author hereby expressly declares that at the time the link was created, no illegal content was apparent on the linked pages.<br>\nThe author has no influence whatsoever on the current and future design, content or authorship of the linked\/connected pages. He therefore hereby expressly distances himself from all content on all linked\/connected pages that were changed after the link was created. This statement applies to all links and references set within our own website as well as to third-party entries in guest books, discussion forums and mailing lists set up by the author.<br>\nFor illegal, incorrect or incomplete content and in particular for damage resulting from the use or non-use of such information, the provider of the page to which reference was made is solely liable, not the person who merely refers to the respective publication via links.<\/p>\n<p><strong>Data protection:<\/strong><\/p>\n<p class=\" translation-block\">Within the website, it is possible to enter personal or business data (email addresses, names, addresses).<br>\nThe disclosure of this data by the user is on an expressly voluntary basis; However, this data will also be treated confidentially and carefully without exception. The use of the contact details published in the imprint or comparable information, such as postal addresses, telephone and fax numbers and email addresses, by third parties to send information not expressly requested is not permitted.<br>\nWe expressly reserve the right to take legal action against senders of so-called spam emails if they violate this ban.<\/p>\n<p><strong>Legal validity of this disclaimer:<\/strong><\/p>\n<p>This disclaimer is to be viewed as part of the Internet offering from which reference was made to this page.<br \/>\nSofern Teile oder einzelne Formulierungen dieses Textes der geltenden Rechtslage nicht, nicht mehr oder nicht vollst\u00e4ndig entsprechen sollten, bleiben die \u00fcbrigen Teile des Dokumentes in ihrem Inhalt und ihrer G\u00fcltigkeit davon unber\u00fchrt.<\/p>\n<\/div><\/div><\/div><\/div><\/div><\/div><\/div><\/div><\/div><div class=\"vc_row row-internal row-container\"><div class=\"row row-child\"><div class=\"wpb_row row-inner\"><div class=\"wpb_column pos-top pos-center align_left column_child col-lg-12 half-internal-gutter\"><div class=\"uncol style-light\" ><div class=\"uncoltable\"><div class=\"uncell no-block-padding\" ><div class=\"uncont\" style=\"max-width:99%;\"><div class=\"divider-wrapper\"  >\n    <hr class=\"separator-no-padding\"  \/>\n<\/div>\n<\/div><\/div><\/div><\/div><\/div><\/div><\/div><\/div><div class=\"vc_row row-internal row-container\"><div class=\"row row-child\"><div class=\"wpb_row row-inner\"><div class=\"wpb_column pos-top pos-center align_left column_child col-lg-12 single-internal-gutter\"><div class=\"uncol style-light\" ><div class=\"uncoltable\"><div class=\"uncell no-block-padding\" ><div class=\"uncont\"><div class=\"uncode_text_column vc_custom_1675166245079\"  style=\"padding-top: 9px ;padding-bottom: 9px ;padding-left: 9px ;\"><\/p>\n<h3>Image credits<\/h3>\n<p>Pneumatik-Druckluft-Steuerungsanlage: \u00a9Bru-nO <a href=\"https:\/\/pixabay.com\/de\/users\/bru-no-1161770\/\" target=\"_blank\" rel=\"noopener\">@pixabay<\/a>; Carbon Car Interior: \u00a9mintosko <a href=\"https:\/\/unsplash.com\/de\/@mintosko\/\" target=\"_blank\" rel=\"noopener\">@unsplash<\/a>; CNC milling Machine and G-code Data Background: \u00a9Pixel B <a href=\"https:\/\/www.shutterstock.com\/g\/bobtool2002\/\" target=\"_blank\" rel=\"noopener\">@shutterstock<\/a>; Audi R8 mit Spoiler: \u00a9Callum Hill <a href=\"https:\/\/unsplash.com\/de\/@inkyhills\/\" target=\"_blank\" rel=\"noopener\">@unsplash<\/a>; Germany Map for Export Concepts: \u00a9mapsandphotos <a href=\"https:\/\/www.shutterstock.com\/g\/mapsandphotos\/\" target=\"_blank\" rel=\"noopener\">@shutterstock<\/a>; Heck von Audi mit Spoiler: \u00a9Leon Kohle <a href=\"https:\/\/unsplash.com\/de\/@leon_kohle\/\" target=\"_blank\" rel=\"noopener\">@unsplash<\/a>; Business Meeting with Papers and Laptops: \u00a9Scott Graham <a href=\"https:\/\/unsplash.com\/de\/@homajob\/\" target=\"_blank\" rel=\"noopener\">@unsplash<\/a>; Air Coupling: \u00a9Phichai <a href=\"https:\/\/www.shutterstock.com\/g\/surachai+phichai\/\" target=\"_blank\" rel=\"noopener\">@shutterstock<\/a>; <\/p>\n<\/div><\/div><\/div><\/div><\/div><\/div><\/div><\/div><\/div><div class=\"vc_row row-internal row-container\"><div class=\"row row-child\"><div class=\"wpb_row row-inner\"><div class=\"wpb_column pos-top pos-center align_left column_child col-lg-12 half-internal-gutter\"><div class=\"uncol style-light\" ><div class=\"uncoltable\"><div class=\"uncell no-block-padding\" ><div class=\"uncont\" style=\"max-width:99%;\"><div class=\"divider-wrapper\"  >\n    <hr class=\"separator-no-padding\"  \/>\n<\/div>\n<\/div><\/div><\/div><\/div><\/div><\/div><\/div><\/div><div class=\"vc_row row-internal row-container\"><div class=\"row row-child\"><div class=\"wpb_row row-inner\"><div class=\"wpb_column pos-top pos-center align_left column_child col-lg-12 single-internal-gutter\"><div class=\"uncol style-light\" ><div class=\"uncoltable\"><div class=\"uncell no-block-padding\" ><div class=\"uncont\"><div class=\"uncode_text_column vc_custom_1673951353438\"  style=\"padding-top: 9px ;padding-left: 9px ;\"><p>Webdesign: <a href=\"https:\/\/neckar.design\" target=\"_blank\" rel=\"noopener\">Neckar.Design.Agentur<\/a><\/p>\n<\/div><\/div><\/div><\/div><\/div><\/div><\/div><\/div><\/div><\/div><\/div><\/div><\/div><\/div><script id=\"script-row-unique-0\" data-row=\"script-row-unique-0\" type=\"text\/javascript\" class=\"vc_controls\">UNCODE.initRow(document.getElementById(\"row-unique-0\"));<\/script><\/div><\/div><\/div>","protected":false},"excerpt":{"rendered":"CIC Automotive GmbH Hart 9 D-71554 Weissach im Tal Deutschland Tel.: +49 7191 903309-0 Fax: +49 7191 903309-90 info@cic-weissach.de www.cic-pneumatic.de [...]","protected":false},"author":1,"featured_media":0,"parent":0,"menu_order":0,"comment_status":"closed","ping_status":"closed","template":"","meta":{"footnotes":""},"class_list":["post-39","page","type-page","status-publish","hentry"],"_links":{"self":[{"href":"https:\/\/www.cic-weissach.de\/en\/wp-json\/wp\/v2\/pages\/39","targetHints":{"allow":["GET"]}}],"collection":[{"href":"https:\/\/www.cic-weissach.de\/en\/wp-json\/wp\/v2\/pages"}],"about":[{"href":"https:\/\/www.cic-weissach.de\/en\/wp-json\/wp\/v2\/types\/page"}],"author":[{"embeddable":true,"href":"https:\/\/www.cic-weissach.de\/en\/wp-json\/wp\/v2\/users\/1"}],"replies":[{"embeddable":true,"href":"https:\/\/www.cic-weissach.de\/en\/wp-json\/wp\/v2\/comments?post=39"}],"version-history":[{"count":11,"href":"https:\/\/www.cic-weissach.de\/en\/wp-json\/wp\/v2\/pages\/39\/revisions"}],"predecessor-version":[{"id":2056,"href":"https:\/\/www.cic-weissach.de\/en\/wp-json\/wp\/v2\/pages\/39\/revisions\/2056"}],"wp:attachment":[{"href":"https:\/\/www.cic-weissach.de\/en\/wp-json\/wp\/v2\/media?parent=39"}],"curies":[{"name":"wp","href":"https:\/\/api.w.org\/{rel}","templated":true}]}}