{"id":2270,"date":"2024-02-27T09:43:49","date_gmt":"2024-02-27T09:43:49","guid":{"rendered":"https:\/\/www.cic-weissach.de\/?page_id=2270"},"modified":"2024-09-20T13:52:42","modified_gmt":"2024-09-20T13:52:42","slug":"digitaler-messprojektor","status":"publish","type":"page","link":"https:\/\/www.cic-weissach.de\/en\/digitaler-messprojektor","title":{"rendered":"Digitaler Messprojektor"},"content":{"rendered":"<div data-parent=\"true\" class=\"vc_row border-color-lxmt-color row-container\" style=\"border-style: solid;\" id=\"row-unique-0\"><div class=\"row col-double-gutter double-top-padding single-bottom-padding single-h-padding limit-width row-parent\"><div class=\"wpb_row row-inner\"><div class=\"wpb_column pos-middle pos-center align_left column_parent col-lg-6 single-internal-gutter\"><div class=\"uncol style-light\"  ><div class=\"uncoltable\"><div class=\"uncell no-block-padding\" ><div class=\"uncont\"><div class=\"uncode_text_column\" ><\/p>\n<h3><span style=\"color: #fbb03b;\">Neu bei uns:<\/span> QUALIT\u00c4TSSICHERUNG, OPTISCHE TEILEVERMESSUNG UND MESS-DIENSTLEISTUNG<\/h3>\n<p>Zur Sicherstellung der hohen Qualit\u00e4t unserer mechanischen Bauteile steht bei CIC ein hochmoderner Digitaler Messprojektor, Fabrikat Keyence, Modell IM 8020, zur Verf\u00fcgung.<\/p>\n<p>Damit k\u00f6nnen wir Bauteile bis zu einer Gr\u00f6\u00dfe von 200&#215;200 mm durch Auflegen auch mehrerer Teile gleichzeitig, mit einer 360\u00b0 Rotationsachse oder einem Lichttaster auf Knopfdruck hochautomatisiert mit hoher Geschwindigkeit zuverl\u00e4ssig optisch vermessen.<\/p>\n<p>Dies nutzen wir f\u00fcr unsere eigenen Bauteile und bieten dar\u00fcber hinaus auch das Vermessen von mechanischen Bauteilen im Lohn als Dienstleistung f\u00fcr externe Kunden an.<\/p>\n<\/div><\/div><\/div><\/div><\/div><\/div><div class=\"wpb_column pos-middle pos-center align_left column_parent col-lg-6 single-internal-gutter\"><div class=\"uncol style-light\"  ><div class=\"uncoltable\"><div class=\"uncell no-block-padding\" ><div class=\"uncont\"><div class=\"uncode-single-media  text-left\"><div class=\"single-wrapper\" style=\"max-width: 100%;\"><div class=\"tmb tmb-light  img-round tmb-media-first tmb-media-last tmb-content-overlay tmb-no-bg\"><div class=\"t-inside\"><div class=\"t-entry-visual\"><div class=\"t-entry-visual-tc\"><div class=\"uncode-single-media-wrapper img-round\"><img decoding=\"async\" class=\"wp-image-2271\" src=\"https:\/\/www.cic-weissach.de\/wp-content\/uploads\/2024\/02\/cic-weissach-digitaler-messprojektor-bild1.webp\" width=\"980\" height=\"654\" alt=\"\" srcset=\"https:\/\/www.cic-weissach.de\/wp-content\/uploads\/2024\/02\/cic-weissach-digitaler-messprojektor-bild1.webp 980w, https:\/\/www.cic-weissach.de\/wp-content\/uploads\/2024\/02\/cic-weissach-digitaler-messprojektor-bild1-300x200.webp 300w, https:\/\/www.cic-weissach.de\/wp-content\/uploads\/2024\/02\/cic-weissach-digitaler-messprojektor-bild1-768x513.webp 768w, https:\/\/www.cic-weissach.de\/wp-content\/uploads\/2024\/02\/cic-weissach-digitaler-messprojektor-bild1-18x12.webp 18w, https:\/\/www.cic-weissach.de\/wp-content\/uploads\/2024\/02\/cic-weissach-digitaler-messprojektor-bild1-350x234.webp 350w, https:\/\/www.cic-weissach.de\/wp-content\/uploads\/2024\/02\/cic-weissach-digitaler-messprojektor-bild1-uai-720x480.webp 720w\" sizes=\"(max-width: 980px) 100vw, 980px\" \/><\/div>\n\t\t\t\t\t<\/div>\n\t\t\t\t<\/div><\/div><\/div><\/div><\/div><\/div><\/div><\/div><\/div><\/div><script id=\"script-row-unique-0\" data-row=\"script-row-unique-0\" type=\"text\/javascript\" class=\"vc_controls\">UNCODE.initRow(document.getElementById(\"row-unique-0\"));<\/script><\/div><\/div><\/div><div data-parent=\"true\" class=\"vc_row row-container\" id=\"row-unique-1\"><div class=\"row col-double-gutter one-top-padding one-bottom-padding single-h-padding limit-width row-parent\"><div class=\"wpb_row row-inner\"><div class=\"wpb_column pos-middle pos-center align_left column_parent col-lg-6 single-internal-gutter\"><div class=\"uncol style-light\"  ><div class=\"uncoltable\"><div class=\"uncell no-block-padding\" ><div class=\"uncont\"><div class=\"uncode-single-media  text-left\"><div class=\"single-wrapper\" style=\"max-width: 100%;\"><div class=\"tmb tmb-light  img-round tmb-media-first tmb-media-last tmb-content-overlay tmb-no-bg\"><div class=\"t-inside\"><div class=\"t-entry-visual\"><div class=\"t-entry-visual-tc\"><div class=\"uncode-single-media-wrapper img-round\"><img decoding=\"async\" class=\"wp-image-2273\" src=\"https:\/\/www.cic-weissach.de\/wp-content\/uploads\/2024\/02\/cic-weissach-digitaler-messprojektor-bild3.webp\" width=\"980\" height=\"654\" alt=\"\" srcset=\"https:\/\/www.cic-weissach.de\/wp-content\/uploads\/2024\/02\/cic-weissach-digitaler-messprojektor-bild3.webp 980w, https:\/\/www.cic-weissach.de\/wp-content\/uploads\/2024\/02\/cic-weissach-digitaler-messprojektor-bild3-300x200.webp 300w, https:\/\/www.cic-weissach.de\/wp-content\/uploads\/2024\/02\/cic-weissach-digitaler-messprojektor-bild3-768x513.webp 768w, https:\/\/www.cic-weissach.de\/wp-content\/uploads\/2024\/02\/cic-weissach-digitaler-messprojektor-bild3-18x12.webp 18w, https:\/\/www.cic-weissach.de\/wp-content\/uploads\/2024\/02\/cic-weissach-digitaler-messprojektor-bild3-350x234.webp 350w, https:\/\/www.cic-weissach.de\/wp-content\/uploads\/2024\/02\/cic-weissach-digitaler-messprojektor-bild3-uai-720x480.webp 720w\" sizes=\"(max-width: 980px) 100vw, 980px\" \/><\/div>\n\t\t\t\t\t<\/div>\n\t\t\t\t<\/div><\/div><\/div><\/div><\/div><\/div><\/div><\/div><\/div><\/div><div class=\"wpb_column pos-middle pos-center align_left column_parent col-lg-6 single-internal-gutter\"><div class=\"uncol style-light\"  ><div class=\"uncoltable\"><div class=\"uncell no-block-padding\" ><div class=\"uncont\"><div class=\"uncode_text_column\" ><\/p>\n<h3>SERIENBEGLEITENDE MESSUNGEN UND BAUTEILDOKUMENTATION<\/h3>\n<p>Unser optischer Messprojektor von Keyence erm\u00f6glicht aufgrund modernster Messtechnik auch schnelle und kosteng\u00fcnstige serienbegleitende Messungen und auf Wunsch auch eine 100 % Bauteildokumentation.<\/p>\n<p>Je nach Bauteilgeometrie k\u00f6nnen wir bis zu 300 Abmessungen an mehreren Bauteilen gleichzeitig messen und Pr\u00fcfberichte mit statistischen Auswertungen dazu erstellen. Wir k\u00f6nnen beispielsweise folgende Teile messen :<br \/>\nDrehteile, Fr\u00e4steile, Stanzteile, Druckgussteile, Spritzgussteile, Profile, Zahnr\u00e4der und vieles mehr.<\/p>\n<p>Sicher k\u00f6nnen wir auch bei Ihrer Messaufgabe unterst\u00fctzen. Sprechen Sie uns an.<\/p>\n<\/div><\/div><\/div><\/div><\/div><\/div><script id=\"script-row-unique-1\" data-row=\"script-row-unique-1\" type=\"text\/javascript\" class=\"vc_controls\">UNCODE.initRow(document.getElementById(\"row-unique-1\"));<\/script><\/div><\/div><\/div><div data-parent=\"true\" class=\"vc_row row-container\" id=\"row-unique-2\"><div class=\"row col-double-gutter single-top-padding triple-bottom-padding single-h-padding limit-width row-parent\"><div class=\"wpb_row row-inner\"><div class=\"wpb_column pos-middle pos-center align_left column_parent col-lg-6 single-internal-gutter\"><div class=\"uncol style-light\"  ><div class=\"uncoltable\"><div class=\"uncell no-block-padding\" ><div class=\"uncont\"><div class=\"uncode_text_column\" ><\/p>\n<h3>QUALIT\u00c4TSPR\u00dcFUNG, SERIENMESSUNG UND ERSTMUSTER<\/h3>\n<p>Auf unserem Keyence Messprojektor f\u00fchren wir z.B. folgende Aufgaben aus :<\/p>\n<ul>\n<li>Wareneingangspr\u00fcfungen<\/li>\n<li>Warenausgangspr\u00fcfungen<\/li>\n<li>serienbegleitende Messungen<\/li>\n<li>Erstellung von Erstmusterpr\u00fcfberichten inklusive EMPB<br \/>\nnach VDA mit Erstmusterdokumentationen<\/li>\n<li>Fehleranalyse und Auswertungen<\/li>\n<\/ul>\n<p>\n<\/div><span class=\"btn-container\" ><a href=\"mailto:info@cic-weissach.de?subject=Anfrage Mess-Dienstleistung\" class=\"custom-link btn btn-sm border-width-0 btn-accent btn-circle btn-no-scale btn-icon-right\">Anfragen<i class=\"fa fa-paper-plane\"><\/i><\/a><\/span><\/div><\/div><\/div><\/div><\/div><div class=\"wpb_column pos-middle pos-center align_left column_parent col-lg-6 single-internal-gutter\"><div class=\"uncol style-light\"  ><div class=\"uncoltable\"><div class=\"uncell no-block-padding\" ><div class=\"uncont\"><div class=\"uncode-single-media  text-left\"><div class=\"single-wrapper\" style=\"max-width: 100%;\"><div class=\"tmb tmb-light  img-round tmb-media-first tmb-media-last tmb-content-overlay tmb-no-bg\"><div class=\"t-inside\"><div class=\"t-entry-visual\"><div class=\"t-entry-visual-tc\"><div class=\"uncode-single-media-wrapper img-round\"><img decoding=\"async\" class=\"wp-image-2272\" src=\"https:\/\/www.cic-weissach.de\/wp-content\/uploads\/2024\/02\/cic-weissach-digitaler-messprojektor-bild2.webp\" width=\"980\" height=\"654\" alt=\"\" srcset=\"https:\/\/www.cic-weissach.de\/wp-content\/uploads\/2024\/02\/cic-weissach-digitaler-messprojektor-bild2.webp 980w, https:\/\/www.cic-weissach.de\/wp-content\/uploads\/2024\/02\/cic-weissach-digitaler-messprojektor-bild2-300x200.webp 300w, https:\/\/www.cic-weissach.de\/wp-content\/uploads\/2024\/02\/cic-weissach-digitaler-messprojektor-bild2-768x513.webp 768w, https:\/\/www.cic-weissach.de\/wp-content\/uploads\/2024\/02\/cic-weissach-digitaler-messprojektor-bild2-18x12.webp 18w, https:\/\/www.cic-weissach.de\/wp-content\/uploads\/2024\/02\/cic-weissach-digitaler-messprojektor-bild2-350x234.webp 350w, https:\/\/www.cic-weissach.de\/wp-content\/uploads\/2024\/02\/cic-weissach-digitaler-messprojektor-bild2-uai-720x480.webp 720w\" sizes=\"(max-width: 980px) 100vw, 980px\" \/><\/div>\n\t\t\t\t\t<\/div>\n\t\t\t\t<\/div><\/div><\/div><\/div><\/div><\/div><\/div><\/div><\/div><\/div><script id=\"script-row-unique-2\" data-row=\"script-row-unique-2\" type=\"text\/javascript\" class=\"vc_controls\">UNCODE.initRow(document.getElementById(\"row-unique-2\"));<\/script><\/div><\/div><\/div><div data-parent=\"true\" class=\"vc_row row-container desktop-hidden tablet-hidden mobile-hidden\" id=\"row-unique-3\"><div class=\"row col-double-gutter one-top-padding triple-bottom-padding single-h-padding limit-width row-parent\"><div class=\"wpb_row row-inner\"><div class=\"wpb_column pos-middle pos-center align_left column_parent col-lg-6 single-internal-gutter\"><div class=\"uncol style-light\"  ><div class=\"uncoltable\"><div class=\"uncell no-block-padding\" ><div class=\"uncont\"><\/div><\/div><\/div><\/div><\/div><div class=\"wpb_column pos-middle pos-center align_left column_parent col-lg-6 half-internal-gutter\"><div class=\"uncol style-light\"  ><div class=\"uncoltable\"><div class=\"uncell no-block-padding\" ><div class=\"uncont\"><div class=\"uncode_text_column\" ><\/p>\n<h3>Vertrieb pneumatischer Komponenten l\u00e4uft dank weltweiter Sichtbarkeit durch die wlw-Plattform<\/h3>\n<p>Das in Baden-W\u00fcrttemberg ans\u00e4ssige Unternehmen CIC Weissach ist auf die Entwicklung und den Vertrieb von pneumatischen Komponenten spezialisiert und legt dabei einen besonderen Fokus auf kundenspezifische Sonderl\u00f6sungen. Im Interview erl\u00e4utert Klaus Czerwonka, Gesch\u00e4ftsf\u00fchrer von CIC Weissach, was die wlw-Pr\u00e4senz f\u00fcr CIC Weissach bedeutet und dass Nachhaltigkeit leider ein \u00fcberstrapazierter Begriff ist, der f\u00fcr viele Unternehmerinnen und Unternehmer selbstverst\u00e4ndlich gelebte Praxis ist.<\/p>\n<\/div><span class=\"btn-container\" ><a href=\"https:\/\/www.visable.com\/de_de\/magazin\/interviews\/cic-weissach\" class=\"custom-link btn btn-sm border-width-0 btn-accent btn-circle btn-no-scale btn-icon-right\" target=\"_blank\">Visable-Interview lesen<i class=\"fa fa-chevron-right3\"><\/i><\/a><\/span><\/div><\/div><\/div><\/div><\/div><script id=\"script-row-unique-3\" data-row=\"script-row-unique-3\" type=\"text\/javascript\" class=\"vc_controls\">UNCODE.initRow(document.getElementById(\"row-unique-3\"));<\/script><\/div><\/div><\/div>","protected":false},"excerpt":{"rendered":"Neu bei uns: QUALIT\u00c4TSSICHERUNG, OPTISCHE TEILEVERMESSUNG UND MESS-DIENSTLEISTUNG Zur Sicherstellung der hohen Qualit\u00e4t unserer mechanischen Bauteile steht bei CIC ein [...]","protected":false},"author":1,"featured_media":0,"parent":0,"menu_order":0,"comment_status":"closed","ping_status":"closed","template":"","meta":{"footnotes":""},"class_list":["post-2270","page","type-page","status-publish","hentry"],"_links":{"self":[{"href":"https:\/\/www.cic-weissach.de\/en\/wp-json\/wp\/v2\/pages\/2270","targetHints":{"allow":["GET"]}}],"collection":[{"href":"https:\/\/www.cic-weissach.de\/en\/wp-json\/wp\/v2\/pages"}],"about":[{"href":"https:\/\/www.cic-weissach.de\/en\/wp-json\/wp\/v2\/types\/page"}],"author":[{"embeddable":true,"href":"https:\/\/www.cic-weissach.de\/en\/wp-json\/wp\/v2\/users\/1"}],"replies":[{"embeddable":true,"href":"https:\/\/www.cic-weissach.de\/en\/wp-json\/wp\/v2\/comments?post=2270"}],"version-history":[{"count":21,"href":"https:\/\/www.cic-weissach.de\/en\/wp-json\/wp\/v2\/pages\/2270\/revisions"}],"predecessor-version":[{"id":2292,"href":"https:\/\/www.cic-weissach.de\/en\/wp-json\/wp\/v2\/pages\/2270\/revisions\/2292"}],"wp:attachment":[{"href":"https:\/\/www.cic-weissach.de\/en\/wp-json\/wp\/v2\/media?parent=2270"}],"curies":[{"name":"wp","href":"https:\/\/api.w.org\/{rel}","templated":true}]}}