{"id":161,"date":"2023-01-02T15:57:24","date_gmt":"2023-01-02T15:57:24","guid":{"rendered":"https:\/\/www.cic-weissach.de\/?page_id=161"},"modified":"2023-01-31T10:31:05","modified_gmt":"2023-01-31T10:31:05","slug":"mechanic","status":"publish","type":"page","link":"https:\/\/www.cic-weissach.de\/en\/mechanic","title":{"rendered":"Mechanic"},"content":{"rendered":"<div data-parent=\"true\" class=\"vc_row row-container\" style=\"z-index: 1;\" id=\"row-unique-0\"><div class=\"row unequal single-top-padding double-bottom-padding single-h-padding limit-width row-parent\"><div class=\"wpb_row shift_y_neg_quad shift_y_fixed row-inner\"><div class=\"wpb_column pos-top pos-center align_left column_parent col-lg-12 one-internal-gutter z_index_1\"><div class=\"uncol style-light shift_y_neg_single shift_y_fixed animate_when_almost_visible bottom-t-top\"  ><div class=\"uncoltable\"><div class=\"uncell  vc_custom_1674563599628 no-block-padding style-color-xsdn-bg unshadow-sm unradius-sm\" style=\"padding-top: 5px ;padding-right: 15px ;padding-bottom: 20px ;padding-left: 15px ;\" ><div class=\"uncont\"><div class=\"vc_row row-internal row-container\"><div class=\"row row-child\"><div class=\"wpb_row row-inner\"><div class=\"wpb_column pos-top pos-center align_left column_child col-lg-12 single-internal-gutter\"><div class=\"uncol style-light\" ><div class=\"uncoltable\"><div class=\"uncell single-block-padding\" ><div class=\"uncont\"><div class=\"uncode_text_column\" ><\/p>\n<h3>Mechanical components according to your drawings and specifications<\/h3>\n<p>An efficient network of manufacturing partners allows us a variety of mechanical processing options for components in all materials - from single pieces to large series. Our particular strength lies in the organization of the manufacturing process for complex components, the coordination of the production specialists involved, the refinement of the components with electroplated surfaces, decorative finishes, painting or powder coating through to laminating with high-quality leather.<\/p>\n<p>In addition to the individual parts, we also supply pre-assembled assemblies, ready-to-install complete components and items that are assembled and packaged ready for sale.<\/p>\n<p>We offer you broad manufacturing know-how, state-of-the-art processing methods, internationally competitive production sites, end-to-end supplier management, quality management at the highest level, the entire logistics chain and reliable scheduling including JIT\/Kanban\/just-in-sequence.<\/p>\n<\/div><\/div><\/div><\/div><\/div><\/div><\/div><\/div><\/div><div class=\"vc_row row-internal row-container\"><div class=\"row row-child\"><div class=\"wpb_row row-inner\"><div class=\"wpb_column pos-top pos-center align_left column_child col-lg-12 single-internal-gutter\"><div class=\"uncol style-light\" ><div class=\"uncoltable\"><div class=\"uncell no-block-padding\" ><div class=\"uncont\"><div id=\"gallery-921599\" class=\"isotope-system isotope-general-light grid-general-light\">\n\t\t\t\t\n\t<div class=\"isotope-wrapper grid-wrapper half-gutter\">\n\t\t\t\t\t\t<div class=\"isotope-container isotope-layout style-masonry\" data-type=\"masonry\" data-layout=\"fitRows\" data-lg=\"1000\" data-md=\"600\" data-sm=\"480\">\n<div class=\"tmb tmb-iso-w4 tmb-iso-h4 img-round tmb-light tmb-overlay-text-anim tmb-overlay-anim tmb-content-center tmb-text-space-reduced tmb-image-anim tmb-bordered tmb-id-1740  tmb-img-ratio tmb-content-under tmb-media-first tmb-no-bg\" ><div class=\"t-inside\" ><div class=\"t-entry-visual\"><div class=\"t-entry-visual-tc\"><div class=\"t-entry-visual-cont\"><div class=\"dummy\" style=\"padding-top: 66.6%;\"><\/div><a tabindex=\"-1\" href=\"https:\/\/www.cic-weissach.de\/en\/drehteile\/\" class=\"pushed\" data-lb-index=\"0\"><div class=\"t-entry-visual-overlay\"><div class=\"t-entry-visual-overlay-in style-dark-bg\" style=\"opacity: 0.6;\"><\/div><\/div><div class=\"t-overlay-wrap\"><div class=\"t-overlay-inner\">\n\t\t\t\t\t\t\t\t\t\t\t\t\t\t<div class=\"t-overlay-content\">\n\t\t\t\t\t\t\t\t\t\t\t\t\t\t\t<div class=\"t-overlay-text no-block-padding\"><div class=\"t-entry t-single-line\"><i class=\"fa fa-arrow-right4 t-icon-size-xl t-overlay-icon\"><\/i><\/div><\/div><\/div><\/div><\/div><img decoding=\"async\" class=\"wp-image-1740\" src=\"https:\/\/www.cic-weissach.de\/wp-content\/uploads\/2023\/01\/drehteile-uebersicht.jpg\" width=\"500\" height=\"333\" alt=\"\" srcset=\"https:\/\/www.cic-weissach.de\/wp-content\/uploads\/2023\/01\/drehteile-uebersicht.jpg 500w, https:\/\/www.cic-weissach.de\/wp-content\/uploads\/2023\/01\/drehteile-uebersicht-300x200.jpg 300w, https:\/\/www.cic-weissach.de\/wp-content\/uploads\/2023\/01\/drehteile-uebersicht-350x233.jpg 350w\" sizes=\"(max-width: 500px) 100vw, 500px\" \/><\/a><\/div>\n\t\t\t\t\t<\/div>\n\t\t\t\t<\/div><div class=\"t-entry-text\">\n\t\t\t\t\t\t\t\t\t<div class=\"t-entry-text-tc no-block-padding\"><div class=\"t-entry\"><h3 class=\"t-entry-title h5 title-scale\"><a href=\"https:\/\/www.cic-weissach.de\/en\/drehteile\/\">TURNED PARTS<\/a><\/h3><div class=\"spacer spacer-two single-space\"><\/div><\/div><\/div>\n\t\t\t\t\t\t\t<\/div><\/div><\/div><div class=\"tmb tmb-iso-w4 tmb-iso-h4 img-round tmb-light tmb-overlay-text-anim tmb-overlay-anim tmb-content-center tmb-text-space-reduced tmb-image-anim tmb-bordered tmb-id-1741  tmb-img-ratio tmb-content-under tmb-media-first tmb-no-bg\" ><div class=\"t-inside\" ><div class=\"t-entry-visual\"><div class=\"t-entry-visual-tc\"><div class=\"t-entry-visual-cont\"><div class=\"dummy\" style=\"padding-top: 66.6%;\"><\/div><a tabindex=\"-1\" href=\"https:\/\/www.cic-weissach.de\/en\/fraesteile\/\" class=\"pushed\" data-lb-index=\"1\"><div class=\"t-entry-visual-overlay\"><div class=\"t-entry-visual-overlay-in style-dark-bg\" style=\"opacity: 0.6;\"><\/div><\/div><div class=\"t-overlay-wrap\"><div class=\"t-overlay-inner\">\n\t\t\t\t\t\t\t\t\t\t\t\t\t\t<div class=\"t-overlay-content\">\n\t\t\t\t\t\t\t\t\t\t\t\t\t\t\t<div class=\"t-overlay-text no-block-padding\"><div class=\"t-entry t-single-line\"><i class=\"fa fa-arrow-right4 t-icon-size-xl t-overlay-icon\"><\/i><\/div><\/div><\/div><\/div><\/div><img decoding=\"async\" class=\"wp-image-1741\" src=\"https:\/\/www.cic-weissach.de\/wp-content\/uploads\/2023\/01\/fraesteile-uebersicht.jpg\" width=\"500\" height=\"333\" alt=\"\" srcset=\"https:\/\/www.cic-weissach.de\/wp-content\/uploads\/2023\/01\/fraesteile-uebersicht.jpg 500w, https:\/\/www.cic-weissach.de\/wp-content\/uploads\/2023\/01\/fraesteile-uebersicht-300x200.jpg 300w, https:\/\/www.cic-weissach.de\/wp-content\/uploads\/2023\/01\/fraesteile-uebersicht-350x233.jpg 350w\" sizes=\"(max-width: 500px) 100vw, 500px\" \/><\/a><\/div>\n\t\t\t\t\t<\/div>\n\t\t\t\t<\/div><div class=\"t-entry-text\">\n\t\t\t\t\t\t\t\t\t<div class=\"t-entry-text-tc no-block-padding\"><div class=\"t-entry\"><h3 class=\"t-entry-title h5 title-scale\"><a href=\"https:\/\/www.cic-weissach.de\/en\/fraesteile\/\">MILLED PARTS<\/a><\/h3><div class=\"spacer spacer-two single-space\"><\/div><\/div><\/div>\n\t\t\t\t\t\t\t<\/div><\/div><\/div><div class=\"tmb tmb-iso-w4 tmb-iso-h4 img-round tmb-light tmb-overlay-text-anim tmb-overlay-anim tmb-content-center tmb-text-space-reduced tmb-image-anim tmb-bordered tmb-id-1742  tmb-img-ratio tmb-content-under tmb-media-first tmb-no-bg\" ><div class=\"t-inside\" ><div class=\"t-entry-visual\"><div class=\"t-entry-visual-tc\"><div class=\"t-entry-visual-cont\"><div class=\"dummy\" style=\"padding-top: 66.6%;\"><\/div><a tabindex=\"-1\" href=\"https:\/\/www.cic-weissach.de\/en\/stanz-biege-umformteile\/\" class=\"pushed\" data-lb-index=\"2\"><div class=\"t-entry-visual-overlay\"><div class=\"t-entry-visual-overlay-in style-dark-bg\" style=\"opacity: 0.6;\"><\/div><\/div><div class=\"t-overlay-wrap\"><div class=\"t-overlay-inner\">\n\t\t\t\t\t\t\t\t\t\t\t\t\t\t<div class=\"t-overlay-content\">\n\t\t\t\t\t\t\t\t\t\t\t\t\t\t\t<div class=\"t-overlay-text no-block-padding\"><div class=\"t-entry t-single-line\"><i class=\"fa fa-arrow-right4 t-icon-size-xl t-overlay-icon\"><\/i><\/div><\/div><\/div><\/div><\/div><img decoding=\"async\" class=\"wp-image-1742\" src=\"https:\/\/www.cic-weissach.de\/wp-content\/uploads\/2023\/01\/stanz-biege-tiefzieh-umformteile-uebersicht-uai-500x333.jpg\" width=\"500\" height=\"333\" alt=\"\" \/><\/a><\/div>\n\t\t\t\t\t<\/div>\n\t\t\t\t<\/div><div class=\"t-entry-text\">\n\t\t\t\t\t\t\t\t\t<div class=\"t-entry-text-tc no-block-padding\"><div class=\"t-entry\"><h3 class=\"t-entry-title h5 title-scale\"><a href=\"https:\/\/www.cic-weissach.de\/en\/stanz-biege-umformteile\/\">STAMPING, BENDING, FORMING PARTS<\/a><\/h3><div class=\"spacer spacer-two single-space\"><\/div><\/div><\/div>\n\t\t\t\t\t\t\t<\/div><\/div><\/div><div class=\"tmb tmb-iso-w4 tmb-iso-h4 img-round tmb-light tmb-overlay-text-anim tmb-overlay-anim tmb-content-center tmb-text-space-reduced tmb-image-anim tmb-bordered tmb-id-1743  tmb-img-ratio tmb-content-under tmb-media-first tmb-no-bg\" ><div class=\"t-inside\" ><div class=\"t-entry-visual\"><div class=\"t-entry-visual-tc\"><div class=\"t-entry-visual-cont\"><div class=\"dummy\" style=\"padding-top: 66.6%;\"><\/div><a tabindex=\"-1\" href=\"https:\/\/www.cic-weissach.de\/en\/guss-feinguss-schmiede-sinter-pressteile\/\" class=\"pushed\" data-lb-index=\"3\"><div class=\"t-entry-visual-overlay\"><div class=\"t-entry-visual-overlay-in style-dark-bg\" style=\"opacity: 0.6;\"><\/div><\/div><div class=\"t-overlay-wrap\"><div class=\"t-overlay-inner\">\n\t\t\t\t\t\t\t\t\t\t\t\t\t\t<div class=\"t-overlay-content\">\n\t\t\t\t\t\t\t\t\t\t\t\t\t\t\t<div class=\"t-overlay-text no-block-padding\"><div class=\"t-entry t-single-line\"><i class=\"fa fa-arrow-right4 t-icon-size-xl t-overlay-icon\"><\/i><\/div><\/div><\/div><\/div><\/div><img decoding=\"async\" class=\"wp-image-1743\" src=\"https:\/\/www.cic-weissach.de\/wp-content\/uploads\/2023\/01\/guss-feinguss-schmiede-sinter-pressteile-uebersicht.jpg\" width=\"500\" height=\"333\" alt=\"\" srcset=\"https:\/\/www.cic-weissach.de\/wp-content\/uploads\/2023\/01\/guss-feinguss-schmiede-sinter-pressteile-uebersicht.jpg 500w, https:\/\/www.cic-weissach.de\/wp-content\/uploads\/2023\/01\/guss-feinguss-schmiede-sinter-pressteile-uebersicht-300x200.jpg 300w, https:\/\/www.cic-weissach.de\/wp-content\/uploads\/2023\/01\/guss-feinguss-schmiede-sinter-pressteile-uebersicht-350x233.jpg 350w\" sizes=\"(max-width: 500px) 100vw, 500px\" \/><\/a><\/div>\n\t\t\t\t\t<\/div>\n\t\t\t\t<\/div><div class=\"t-entry-text\">\n\t\t\t\t\t\t\t\t\t<div class=\"t-entry-text-tc no-block-padding\"><div class=\"t-entry\"><h3 class=\"t-entry-title h5 title-scale\"><a href=\"https:\/\/www.cic-weissach.de\/en\/guss-feinguss-schmiede-sinter-pressteile\/\">CASTING, INVESTMENT CASTING, FORGED, SINTERED, PRESSED PARTS<\/a><\/h3><div class=\"spacer spacer-two single-space\"><\/div><\/div><\/div>\n\t\t\t\t\t\t\t<\/div><\/div><\/div><div class=\"tmb tmb-iso-w4 tmb-iso-h4 img-round tmb-light tmb-overlay-text-anim tmb-overlay-anim tmb-content-center tmb-text-space-reduced tmb-image-anim tmb-bordered tmb-id-1744  tmb-img-ratio tmb-content-under tmb-media-first tmb-no-bg\" ><div class=\"t-inside\" ><div class=\"t-entry-visual\"><div class=\"t-entry-visual-tc\"><div class=\"t-entry-visual-cont\"><div class=\"dummy\" style=\"padding-top: 66.8%;\"><\/div><a tabindex=\"-1\" href=\"https:\/\/www.cic-weissach.de\/en\/kunststoffspritzgussteile-gummiteile-teile-aus-carbon\/\" class=\"pushed\" data-lb-index=\"4\"><div class=\"t-entry-visual-overlay\"><div class=\"t-entry-visual-overlay-in style-dark-bg\" style=\"opacity: 0.6;\"><\/div><\/div><div class=\"t-overlay-wrap\"><div class=\"t-overlay-inner\">\n\t\t\t\t\t\t\t\t\t\t\t\t\t\t<div class=\"t-overlay-content\">\n\t\t\t\t\t\t\t\t\t\t\t\t\t\t\t<div class=\"t-overlay-text no-block-padding\"><div class=\"t-entry t-single-line\"><i class=\"fa fa-arrow-right4 t-icon-size-xl t-overlay-icon\"><\/i><\/div><\/div><\/div><\/div><\/div><img decoding=\"async\" class=\"wp-image-1744\" src=\"https:\/\/www.cic-weissach.de\/wp-content\/uploads\/2023\/01\/kunststoffspritzguss-gummi-carbonteile-uebersicht.jpg\" width=\"500\" height=\"334\" alt=\"\" srcset=\"https:\/\/www.cic-weissach.de\/wp-content\/uploads\/2023\/01\/kunststoffspritzguss-gummi-carbonteile-uebersicht.jpg 500w, https:\/\/www.cic-weissach.de\/wp-content\/uploads\/2023\/01\/kunststoffspritzguss-gummi-carbonteile-uebersicht-300x200.jpg 300w, https:\/\/www.cic-weissach.de\/wp-content\/uploads\/2023\/01\/kunststoffspritzguss-gummi-carbonteile-uebersicht-350x234.jpg 350w\" sizes=\"(max-width: 500px) 100vw, 500px\" \/><\/a><\/div>\n\t\t\t\t\t<\/div>\n\t\t\t\t<\/div><div class=\"t-entry-text\">\n\t\t\t\t\t\t\t\t\t<div class=\"t-entry-text-tc no-block-padding\"><div class=\"t-entry\"><h3 class=\"t-entry-title h5 title-scale\"><a href=\"https:\/\/www.cic-weissach.de\/en\/kunststoffspritzgussteile-gummiteile-teile-aus-carbon\/\">PLASTIC INJECTION MOLDED PARTS, RUBBER PARTS, CARBON PARTS<\/a><\/h3><div class=\"spacer spacer-two single-space\"><\/div><\/div><\/div>\n\t\t\t\t\t\t\t<\/div><\/div><\/div><div class=\"tmb tmb-iso-w4 tmb-iso-h4 img-round tmb-light tmb-overlay-text-anim tmb-overlay-anim tmb-content-center tmb-text-space-reduced tmb-image-anim tmb-bordered tmb-id-1745  tmb-img-ratio tmb-content-under tmb-media-first tmb-no-bg\" ><div class=\"t-inside\" ><div class=\"t-entry-visual\"><div class=\"t-entry-visual-tc\"><div class=\"t-entry-visual-cont\"><div class=\"dummy\" style=\"padding-top: 66.6%;\"><\/div><a tabindex=\"-1\" href=\"https:\/\/www.cic-weissach.de\/en\/baugruppen\/\" class=\"pushed\" data-lb-index=\"5\"><div class=\"t-entry-visual-overlay\"><div class=\"t-entry-visual-overlay-in style-dark-bg\" style=\"opacity: 0.6;\"><\/div><\/div><div class=\"t-overlay-wrap\"><div class=\"t-overlay-inner\">\n\t\t\t\t\t\t\t\t\t\t\t\t\t\t<div class=\"t-overlay-content\">\n\t\t\t\t\t\t\t\t\t\t\t\t\t\t\t<div class=\"t-overlay-text no-block-padding\"><div class=\"t-entry t-single-line\"><i class=\"fa fa-arrow-right4 t-icon-size-xl t-overlay-icon\"><\/i><\/div><\/div><\/div><\/div><\/div><img decoding=\"async\" class=\"wp-image-1745\" src=\"https:\/\/www.cic-weissach.de\/wp-content\/uploads\/2023\/01\/baugruppen-uebersicht.jpg\" width=\"500\" height=\"333\" alt=\"\" srcset=\"https:\/\/www.cic-weissach.de\/wp-content\/uploads\/2023\/01\/baugruppen-uebersicht.jpg 500w, https:\/\/www.cic-weissach.de\/wp-content\/uploads\/2023\/01\/baugruppen-uebersicht-300x200.jpg 300w, https:\/\/www.cic-weissach.de\/wp-content\/uploads\/2023\/01\/baugruppen-uebersicht-350x233.jpg 350w\" sizes=\"(max-width: 500px) 100vw, 500px\" \/><\/a><\/div>\n\t\t\t\t\t<\/div>\n\t\t\t\t<\/div><div class=\"t-entry-text\">\n\t\t\t\t\t\t\t\t\t<div class=\"t-entry-text-tc no-block-padding\"><div class=\"t-entry\"><h3 class=\"t-entry-title h5 title-scale\"><a href=\"https:\/\/www.cic-weissach.de\/en\/baugruppen\/\">COMPLETE UNITS AND ASSEMBLIES<\/a><\/h3><div class=\"spacer spacer-two single-space\"><\/div><\/div><\/div>\n\t\t\t\t\t\t\t<\/div><\/div><\/div>\t\t\t\t\t\t<\/div>\n\t\t\t\t\t<\/div>\n\n\t\n\t\n<\/div>\n\n<\/div><\/div><\/div><\/div><\/div><\/div><\/div><\/div><\/div><\/div><\/div><\/div><\/div><script id=\"script-row-unique-0\" data-row=\"script-row-unique-0\" type=\"text\/javascript\" class=\"vc_controls\">UNCODE.initRow(document.getElementById(\"row-unique-0\"));<\/script><\/div><\/div><\/div>","protected":false},"excerpt":{"rendered":"Mechanische Bauteile nach Ihren Zeichnungen und Spezifikationen Ein leistungsf\u00e4higes Netzwerk an Fertigungspartnern erm\u00f6glicht uns eine Vielzahl von mechanischen Bearbeitungsm\u00f6glichkeiten f\u00fcr [...]","protected":false},"author":1,"featured_media":0,"parent":0,"menu_order":0,"comment_status":"closed","ping_status":"closed","template":"","meta":{"footnotes":""},"class_list":["post-161","page","type-page","status-publish","hentry"],"_links":{"self":[{"href":"https:\/\/www.cic-weissach.de\/en\/wp-json\/wp\/v2\/pages\/161","targetHints":{"allow":["GET"]}}],"collection":[{"href":"https:\/\/www.cic-weissach.de\/en\/wp-json\/wp\/v2\/pages"}],"about":[{"href":"https:\/\/www.cic-weissach.de\/en\/wp-json\/wp\/v2\/types\/page"}],"author":[{"embeddable":true,"href":"https:\/\/www.cic-weissach.de\/en\/wp-json\/wp\/v2\/users\/1"}],"replies":[{"embeddable":true,"href":"https:\/\/www.cic-weissach.de\/en\/wp-json\/wp\/v2\/comments?post=161"}],"version-history":[{"count":12,"href":"https:\/\/www.cic-weissach.de\/en\/wp-json\/wp\/v2\/pages\/161\/revisions"}],"predecessor-version":[{"id":1810,"href":"https:\/\/www.cic-weissach.de\/en\/wp-json\/wp\/v2\/pages\/161\/revisions\/1810"}],"wp:attachment":[{"href":"https:\/\/www.cic-weissach.de\/en\/wp-json\/wp\/v2\/media?parent=161"}],"curies":[{"name":"wp","href":"https:\/\/api.w.org\/{rel}","templated":true}]}}