{"id":159,"date":"2023-01-02T15:57:14","date_gmt":"2023-01-02T15:57:14","guid":{"rendered":"https:\/\/www.cic-weissach.de\/?page_id=159"},"modified":"2023-01-31T10:22:12","modified_gmt":"2023-01-31T10:22:12","slug":"pneumatic","status":"publish","type":"page","link":"https:\/\/www.cic-weissach.de\/en\/pneumatic","title":{"rendered":"Pneumatic"},"content":{"rendered":"<div data-parent=\"true\" class=\"vc_row row-container\" style=\"z-index: 1;\" id=\"row-unique-0\"><div class=\"row unequal single-top-padding double-bottom-padding single-h-padding limit-width row-parent\"><div class=\"wpb_row shift_y_neg_quad shift_y_fixed row-inner\"><div class=\"wpb_column pos-top pos-center align_left column_parent col-lg-12 one-internal-gutter z_index_1\"><div class=\"uncol style-light shift_y_neg_single shift_y_fixed animate_when_almost_visible bottom-t-top\"  ><div class=\"uncoltable\"><div class=\"uncell  vc_custom_1673427745440 no-block-padding style-color-xsdn-bg unshadow-sm unradius-sm\" style=\"padding-top: 15px ;padding-right: 15px ;padding-bottom: 20px ;padding-left: 15px ;\" ><div class=\"uncont\"><div class=\"vc_row row-internal row-container\"><div class=\"row row-child\"><div class=\"wpb_row row-inner\"><div class=\"wpb_column pos-top pos-center align_left column_child col-lg-12 single-internal-gutter\"><div class=\"uncol style-light\" ><div class=\"uncoltable\"><div class=\"uncell no-block-padding\" ><div class=\"uncont\"><div id=\"gallery-921599\" class=\"isotope-system isotope-general-light grid-general-light\">\n\t\t\t\t\n\t<div class=\"isotope-wrapper grid-wrapper half-gutter\">\n\t\t\t\t\t\t<div class=\"isotope-container isotope-layout style-masonry\" data-type=\"masonry\" data-layout=\"fitRows\" data-lg=\"1000\" data-md=\"600\" data-sm=\"480\">\n<div class=\"tmb tmb-iso-w4 tmb-iso-h4 img-round tmb-light tmb-overlay-text-anim tmb-overlay-anim tmb-content-center tmb-text-space-reduced tmb-image-anim tmb-bordered tmb-id-309  tmb-img-ratio tmb-content-under tmb-media-first tmb-no-bg\" ><div class=\"t-inside\" ><div class=\"t-entry-visual\"><div class=\"t-entry-visual-tc\"><div class=\"t-entry-visual-cont\"><div class=\"dummy\" style=\"padding-top: 75%;\"><\/div><a tabindex=\"-1\" href=\"https:\/\/www.cic-weissach.de\/en\/zylinder-und-antriebe\/\" class=\"pushed\" data-lb-index=\"0\"><div class=\"t-entry-visual-overlay\"><div class=\"t-entry-visual-overlay-in style-dark-bg\" style=\"opacity: 0.6;\"><\/div><\/div><div class=\"t-overlay-wrap\"><div class=\"t-overlay-inner\">\n\t\t\t\t\t\t\t\t\t\t\t\t\t\t<div class=\"t-overlay-content\">\n\t\t\t\t\t\t\t\t\t\t\t\t\t\t\t<div class=\"t-overlay-text no-block-padding\"><div class=\"t-entry t-single-line\"><i class=\"fa fa-arrow-right4 t-icon-size-xl t-overlay-icon\"><\/i><\/div><\/div><\/div><\/div><\/div><img decoding=\"async\" class=\"wp-image-309\" src=\"https:\/\/www.cic-weissach.de\/wp-content\/uploads\/2023\/01\/zylinder_antriebe_kat.jpg\" width=\"500\" height=\"375\" alt=\"\" srcset=\"https:\/\/www.cic-weissach.de\/wp-content\/uploads\/2023\/01\/zylinder_antriebe_kat.jpg 500w, https:\/\/www.cic-weissach.de\/wp-content\/uploads\/2023\/01\/zylinder_antriebe_kat-300x225.jpg 300w, https:\/\/www.cic-weissach.de\/wp-content\/uploads\/2023\/01\/zylinder_antriebe_kat-350x263.jpg 350w\" sizes=\"(max-width: 500px) 100vw, 500px\" \/><\/a><\/div>\n\t\t\t\t\t<\/div>\n\t\t\t\t<\/div><div class=\"t-entry-text\">\n\t\t\t\t\t\t\t\t\t<div class=\"t-entry-text-tc no-block-padding\"><div class=\"t-entry\"><h3 class=\"t-entry-title h5 title-scale\"><a href=\"https:\/\/www.cic-weissach.de\/en\/zylinder-und-antriebe\/\">CYLINDERS AND DRIVES<\/a><\/h3><div class=\"spacer spacer-two single-space\"><\/div><\/div><\/div>\n\t\t\t\t\t\t\t<\/div><\/div><\/div><div class=\"tmb tmb-iso-w4 tmb-iso-h4 img-round tmb-light tmb-overlay-text-anim tmb-overlay-anim tmb-content-center tmb-text-space-reduced tmb-image-anim tmb-bordered tmb-id-324  tmb-img-ratio tmb-content-under tmb-media-first tmb-no-bg\" ><div class=\"t-inside\" ><div class=\"t-entry-visual\"><div class=\"t-entry-visual-tc\"><div class=\"t-entry-visual-cont\"><div class=\"dummy\" style=\"padding-top: 75%;\"><\/div><a tabindex=\"-1\" href=\"https:\/\/www.cic-weissach.de\/en\/ventile\/\" class=\"pushed\" data-lb-index=\"1\"><div class=\"t-entry-visual-overlay\"><div class=\"t-entry-visual-overlay-in style-dark-bg\" style=\"opacity: 0.6;\"><\/div><\/div><div class=\"t-overlay-wrap\"><div class=\"t-overlay-inner\">\n\t\t\t\t\t\t\t\t\t\t\t\t\t\t<div class=\"t-overlay-content\">\n\t\t\t\t\t\t\t\t\t\t\t\t\t\t\t<div class=\"t-overlay-text no-block-padding\"><div class=\"t-entry t-single-line\"><i class=\"fa fa-arrow-right4 t-icon-size-xl t-overlay-icon\"><\/i><\/div><\/div><\/div><\/div><\/div><img decoding=\"async\" class=\"wp-image-324\" src=\"https:\/\/www.cic-weissach.de\/wp-content\/uploads\/2023\/01\/ventile_kat.jpg\" width=\"500\" height=\"375\" alt=\"\" srcset=\"https:\/\/www.cic-weissach.de\/wp-content\/uploads\/2023\/01\/ventile_kat.jpg 500w, https:\/\/www.cic-weissach.de\/wp-content\/uploads\/2023\/01\/ventile_kat-300x225.jpg 300w, https:\/\/www.cic-weissach.de\/wp-content\/uploads\/2023\/01\/ventile_kat-350x263.jpg 350w\" sizes=\"(max-width: 500px) 100vw, 500px\" \/><\/a><\/div>\n\t\t\t\t\t<\/div>\n\t\t\t\t<\/div><div class=\"t-entry-text\">\n\t\t\t\t\t\t\t\t\t<div class=\"t-entry-text-tc no-block-padding\"><div class=\"t-entry\"><h3 class=\"t-entry-title h5 title-scale\"><a href=\"https:\/\/www.cic-weissach.de\/en\/ventile\/\">VALVES<\/a><\/h3><div class=\"spacer spacer-two single-space\"><\/div><\/div><\/div>\n\t\t\t\t\t\t\t<\/div><\/div><\/div><div class=\"tmb tmb-iso-w4 tmb-iso-h4 img-round tmb-light tmb-overlay-text-anim tmb-overlay-anim tmb-content-center tmb-text-space-reduced tmb-image-anim tmb-bordered tmb-id-315  tmb-img-ratio tmb-content-under tmb-media-first tmb-no-bg\" ><div class=\"t-inside\" ><div class=\"t-entry-visual\"><div class=\"t-entry-visual-tc\"><div class=\"t-entry-visual-cont\"><div class=\"dummy\" style=\"padding-top: 75%;\"><\/div><a tabindex=\"-1\" href=\"https:\/\/www.cic-weissach.de\/en\/druckluftaufbereitung\/\" class=\"pushed\" data-lb-index=\"2\"><div class=\"t-entry-visual-overlay\"><div class=\"t-entry-visual-overlay-in style-dark-bg\" style=\"opacity: 0.6;\"><\/div><\/div><div class=\"t-overlay-wrap\"><div class=\"t-overlay-inner\">\n\t\t\t\t\t\t\t\t\t\t\t\t\t\t<div class=\"t-overlay-content\">\n\t\t\t\t\t\t\t\t\t\t\t\t\t\t\t<div class=\"t-overlay-text no-block-padding\"><div class=\"t-entry t-single-line\"><i class=\"fa fa-arrow-right4 t-icon-size-xl t-overlay-icon\"><\/i><\/div><\/div><\/div><\/div><\/div><img decoding=\"async\" class=\"wp-image-315\" src=\"https:\/\/www.cic-weissach.de\/wp-content\/uploads\/2023\/01\/druckluft_kat.jpg\" width=\"500\" height=\"375\" alt=\"\" srcset=\"https:\/\/www.cic-weissach.de\/wp-content\/uploads\/2023\/01\/druckluft_kat.jpg 500w, https:\/\/www.cic-weissach.de\/wp-content\/uploads\/2023\/01\/druckluft_kat-300x225.jpg 300w, https:\/\/www.cic-weissach.de\/wp-content\/uploads\/2023\/01\/druckluft_kat-350x263.jpg 350w\" sizes=\"(max-width: 500px) 100vw, 500px\" \/><\/a><\/div>\n\t\t\t\t\t<\/div>\n\t\t\t\t<\/div><div class=\"t-entry-text\">\n\t\t\t\t\t\t\t\t\t<div class=\"t-entry-text-tc no-block-padding\"><div class=\"t-entry\"><h3 class=\"t-entry-title h5 title-scale\"><a href=\"https:\/\/www.cic-weissach.de\/en\/druckluftaufbereitung\/\">COMPRESSED AIR PREPARATION<\/a><\/h3><div class=\"spacer spacer-two single-space\"><\/div><\/div><\/div>\n\t\t\t\t\t\t\t<\/div><\/div><\/div><div class=\"tmb tmb-iso-w4 tmb-iso-h4 img-round tmb-light tmb-overlay-text-anim tmb-overlay-anim tmb-content-center tmb-text-space-reduced tmb-image-anim tmb-bordered tmb-id-325  tmb-img-ratio tmb-content-under tmb-media-first tmb-no-bg\" ><div class=\"t-inside\" ><div class=\"t-entry-visual\"><div class=\"t-entry-visual-tc\"><div class=\"t-entry-visual-cont\"><div class=\"dummy\" style=\"padding-top: 75%;\"><\/div><a tabindex=\"-1\" href=\"https:\/\/www.cic-weissach.de\/en\/portfolio\/rekuperationsmodul-energiesparventil\/\" class=\"pushed\" data-lb-index=\"3\"><div class=\"t-entry-visual-overlay\"><div class=\"t-entry-visual-overlay-in style-dark-bg\" style=\"opacity: 0.6;\"><\/div><\/div><div class=\"t-overlay-wrap\"><div class=\"t-overlay-inner\">\n\t\t\t\t\t\t\t\t\t\t\t\t\t\t<div class=\"t-overlay-content\">\n\t\t\t\t\t\t\t\t\t\t\t\t\t\t\t<div class=\"t-overlay-text no-block-padding\"><div class=\"t-entry t-single-line\"><i class=\"fa fa-arrow-right4 t-icon-size-xl t-overlay-icon\"><\/i><\/div><\/div><\/div><\/div><\/div><img decoding=\"async\" class=\"wp-image-325\" src=\"https:\/\/www.cic-weissach.de\/wp-content\/uploads\/2023\/01\/Rekuperationsmodul-uai-944x708.png\" width=\"944\" height=\"708\" alt=\"\" srcset=\"https:\/\/www.cic-weissach.de\/wp-content\/uploads\/2023\/01\/Rekuperationsmodul-uai-944x708.png 944w, https:\/\/www.cic-weissach.de\/wp-content\/uploads\/2023\/01\/Rekuperationsmodul-uai-720x540.png 720w\" sizes=\"(max-width: 944px) 100vw, 944px\" \/><\/a><\/div>\n\t\t\t\t\t<\/div>\n\t\t\t\t<\/div><div class=\"t-entry-text\">\n\t\t\t\t\t\t\t\t\t<div class=\"t-entry-text-tc no-block-padding\"><div class=\"t-entry\"><h3 class=\"t-entry-title h5 title-scale\"><a href=\"https:\/\/www.cic-weissach.de\/en\/portfolio\/rekuperationsmodul-energiesparventil\/\">RECOVERY MODULE - ENERGY SAVING VALVE<\/a><\/h3><div class=\"spacer spacer-two single-space\"><\/div><\/div><\/div>\n\t\t\t\t\t\t\t<\/div><\/div><\/div><div class=\"tmb tmb-iso-w4 tmb-iso-h4 img-round tmb-light tmb-overlay-text-anim tmb-overlay-anim tmb-content-center tmb-text-space-reduced tmb-image-anim tmb-bordered tmb-id-326  tmb-img-ratio tmb-content-under tmb-media-first tmb-no-bg\" ><div class=\"t-inside\" ><div class=\"t-entry-visual\"><div class=\"t-entry-visual-tc\"><div class=\"t-entry-visual-cont\"><div class=\"dummy\" style=\"padding-top: 75%;\"><\/div><a tabindex=\"-1\" href=\"https:\/\/www.cic-weissach.de\/en\/verschraubungen-fittings-schalldaempfer-manometer-zubehoer\/\" class=\"pushed\" data-lb-index=\"4\"><div class=\"t-entry-visual-overlay\"><div class=\"t-entry-visual-overlay-in style-dark-bg\" style=\"opacity: 0.6;\"><\/div><\/div><div class=\"t-overlay-wrap\"><div class=\"t-overlay-inner\">\n\t\t\t\t\t\t\t\t\t\t\t\t\t\t<div class=\"t-overlay-content\">\n\t\t\t\t\t\t\t\t\t\t\t\t\t\t\t<div class=\"t-overlay-text no-block-padding\"><div class=\"t-entry t-single-line\"><i class=\"fa fa-arrow-right4 t-icon-size-xl t-overlay-icon\"><\/i><\/div><\/div><\/div><\/div><\/div><img decoding=\"async\" class=\"wp-image-326\" src=\"https:\/\/www.cic-weissach.de\/wp-content\/uploads\/2023\/01\/verschraubungen-fittings-uebersicht.jpg\" width=\"500\" height=\"375\" alt=\"\" srcset=\"https:\/\/www.cic-weissach.de\/wp-content\/uploads\/2023\/01\/verschraubungen-fittings-uebersicht.jpg 500w, https:\/\/www.cic-weissach.de\/wp-content\/uploads\/2023\/01\/verschraubungen-fittings-uebersicht-300x225.jpg 300w, https:\/\/www.cic-weissach.de\/wp-content\/uploads\/2023\/01\/verschraubungen-fittings-uebersicht-350x263.jpg 350w\" sizes=\"(max-width: 500px) 100vw, 500px\" \/><\/a><\/div>\n\t\t\t\t\t<\/div>\n\t\t\t\t<\/div><div class=\"t-entry-text\">\n\t\t\t\t\t\t\t\t\t<div class=\"t-entry-text-tc no-block-padding\"><div class=\"t-entry\"><h3 class=\"t-entry-title h5 title-scale\"><a href=\"https:\/\/www.cic-weissach.de\/en\/verschraubungen-fittings-schalldaempfer-manometer-zubehoer\/\">SCREWS, FITTINGS, SILENCERS, PRESSURE GAUGES, ACCESSORIES<\/a><\/h3><div class=\"spacer spacer-two single-space\"><\/div><\/div><\/div>\n\t\t\t\t\t\t\t<\/div><\/div><\/div><div class=\"tmb tmb-iso-w4 tmb-iso-h4 img-round tmb-light tmb-overlay-text-anim tmb-overlay-anim tmb-content-center tmb-text-space-reduced tmb-image-anim tmb-bordered tmb-id-327  tmb-img-ratio tmb-content-under tmb-media-first tmb-no-bg\" ><div class=\"t-inside\" ><div class=\"t-entry-visual\"><div class=\"t-entry-visual-tc\"><div class=\"t-entry-visual-cont\"><div class=\"dummy\" style=\"padding-top: 75%;\"><\/div><a tabindex=\"-1\" href=\"https:\/\/www.cic-weissach.de\/en\/sonderpneumatik\/\" class=\"pushed\" data-lb-index=\"5\"><div class=\"t-entry-visual-overlay\"><div class=\"t-entry-visual-overlay-in style-dark-bg\" style=\"opacity: 0.6;\"><\/div><\/div><div class=\"t-overlay-wrap\"><div class=\"t-overlay-inner\">\n\t\t\t\t\t\t\t\t\t\t\t\t\t\t<div class=\"t-overlay-content\">\n\t\t\t\t\t\t\t\t\t\t\t\t\t\t\t<div class=\"t-overlay-text no-block-padding\"><div class=\"t-entry t-single-line\"><i class=\"fa fa-arrow-right4 t-icon-size-xl t-overlay-icon\"><\/i><\/div><\/div><\/div><\/div><\/div><img decoding=\"async\" class=\"wp-image-327\" src=\"https:\/\/www.cic-weissach.de\/wp-content\/uploads\/2023\/01\/sonderpneumatik-uebersicht.jpg\" width=\"500\" height=\"375\" alt=\"\" srcset=\"https:\/\/www.cic-weissach.de\/wp-content\/uploads\/2023\/01\/sonderpneumatik-uebersicht.jpg 500w, https:\/\/www.cic-weissach.de\/wp-content\/uploads\/2023\/01\/sonderpneumatik-uebersicht-300x225.jpg 300w, https:\/\/www.cic-weissach.de\/wp-content\/uploads\/2023\/01\/sonderpneumatik-uebersicht-350x263.jpg 350w\" sizes=\"(max-width: 500px) 100vw, 500px\" \/><\/a><\/div>\n\t\t\t\t\t<\/div>\n\t\t\t\t<\/div><div class=\"t-entry-text\">\n\t\t\t\t\t\t\t\t\t<div class=\"t-entry-text-tc no-block-padding\"><div class=\"t-entry\"><h3 class=\"t-entry-title h5 title-scale\"><a href=\"https:\/\/www.cic-weissach.de\/en\/sonderpneumatik\/\">SPECIAL PNEUMATIC<\/a><\/h3><div class=\"spacer spacer-two single-space\"><\/div><\/div><\/div>\n\t\t\t\t\t\t\t<\/div><\/div><\/div><div class=\"tmb tmb-iso-w4 tmb-iso-h4 img-round tmb-light tmb-overlay-text-anim tmb-overlay-anim tmb-content-center tmb-text-space-reduced tmb-image-anim tmb-bordered tmb-id-328  tmb-img-ratio tmb-content-under tmb-media-first tmb-no-bg\" ><div class=\"t-inside\" ><div class=\"t-entry-visual\"><div class=\"t-entry-visual-tc\"><div class=\"t-entry-visual-cont\"><div class=\"dummy\" style=\"padding-top: 75%;\"><\/div><a tabindex=\"-1\" href=\"https:\/\/www.cic-weissach.de\/en\/druck-temperatur-und-fuellstandueberwachung\/\" class=\"pushed\" data-lb-index=\"6\"><div class=\"t-entry-visual-overlay\"><div class=\"t-entry-visual-overlay-in style-dark-bg\" style=\"opacity: 0.6;\"><\/div><\/div><div class=\"t-overlay-wrap\"><div class=\"t-overlay-inner\">\n\t\t\t\t\t\t\t\t\t\t\t\t\t\t<div class=\"t-overlay-content\">\n\t\t\t\t\t\t\t\t\t\t\t\t\t\t\t<div class=\"t-overlay-text no-block-padding\"><div class=\"t-entry t-single-line\"><i class=\"fa fa-arrow-right4 t-icon-size-xl t-overlay-icon\"><\/i><\/div><\/div><\/div><\/div><\/div><img decoding=\"async\" class=\"wp-image-328\" src=\"https:\/\/www.cic-weissach.de\/wp-content\/uploads\/2023\/01\/Druck_Temp_Fuellstand.jpg\" width=\"500\" height=\"375\" alt=\"\" srcset=\"https:\/\/www.cic-weissach.de\/wp-content\/uploads\/2023\/01\/Druck_Temp_Fuellstand.jpg 500w, https:\/\/www.cic-weissach.de\/wp-content\/uploads\/2023\/01\/Druck_Temp_Fuellstand-300x225.jpg 300w, https:\/\/www.cic-weissach.de\/wp-content\/uploads\/2023\/01\/Druck_Temp_Fuellstand-350x263.jpg 350w\" sizes=\"(max-width: 500px) 100vw, 500px\" \/><\/a><\/div>\n\t\t\t\t\t<\/div>\n\t\t\t\t<\/div><div class=\"t-entry-text\">\n\t\t\t\t\t\t\t\t\t<div class=\"t-entry-text-tc no-block-padding\"><div class=\"t-entry\"><h3 class=\"t-entry-title h5 title-scale\"><a href=\"https:\/\/www.cic-weissach.de\/en\/druck-temperatur-und-fuellstandueberwachung\/\">PRESSURE, TEMPERATURE, FILL LEVEL MONITORING<\/a><\/h3><div class=\"spacer spacer-two single-space\"><\/div><\/div><\/div>\n\t\t\t\t\t\t\t<\/div><\/div><\/div><div class=\"tmb tmb-iso-w4 tmb-iso-h4 img-round tmb-light tmb-overlay-text-anim tmb-overlay-anim tmb-content-center tmb-text-space-reduced tmb-image-anim tmb-bordered tmb-id-329  tmb-img-ratio tmb-content-under tmb-media-first tmb-no-bg\" ><div class=\"t-inside\" ><div class=\"t-entry-visual\"><div class=\"t-entry-visual-tc\"><div class=\"t-entry-visual-cont\"><div class=\"dummy\" style=\"padding-top: 75%;\"><\/div><a tabindex=\"-1\" href=\"https:\/\/www.cic-weissach.de\/en\/pneumatische-steuerung-und-anlagenbau\/\" class=\"pushed\" data-lb-index=\"7\"><div class=\"t-entry-visual-overlay\"><div class=\"t-entry-visual-overlay-in style-dark-bg\" style=\"opacity: 0.6;\"><\/div><\/div><div class=\"t-overlay-wrap\"><div class=\"t-overlay-inner\">\n\t\t\t\t\t\t\t\t\t\t\t\t\t\t<div class=\"t-overlay-content\">\n\t\t\t\t\t\t\t\t\t\t\t\t\t\t\t<div class=\"t-overlay-text no-block-padding\"><div class=\"t-entry t-single-line\"><i class=\"fa fa-arrow-right4 t-icon-size-xl t-overlay-icon\"><\/i><\/div><\/div><\/div><\/div><\/div><img decoding=\"async\" class=\"wp-image-329\" src=\"https:\/\/www.cic-weissach.de\/wp-content\/uploads\/2023\/01\/pneumatische_steuerung_anlagenbau.jpg\" width=\"500\" height=\"375\" alt=\"\" srcset=\"https:\/\/www.cic-weissach.de\/wp-content\/uploads\/2023\/01\/pneumatische_steuerung_anlagenbau.jpg 500w, https:\/\/www.cic-weissach.de\/wp-content\/uploads\/2023\/01\/pneumatische_steuerung_anlagenbau-300x225.jpg 300w, https:\/\/www.cic-weissach.de\/wp-content\/uploads\/2023\/01\/pneumatische_steuerung_anlagenbau-350x263.jpg 350w\" sizes=\"(max-width: 500px) 100vw, 500px\" \/><\/a><\/div>\n\t\t\t\t\t<\/div>\n\t\t\t\t<\/div><div class=\"t-entry-text\">\n\t\t\t\t\t\t\t\t\t<div class=\"t-entry-text-tc no-block-padding\"><div class=\"t-entry\"><h3 class=\"t-entry-title h5 title-scale\"><a href=\"https:\/\/www.cic-weissach.de\/en\/pneumatische-steuerung-und-anlagenbau\/\">PNEUMATIC CONTROLS, PLANT CONSTRUCTION<\/a><\/h3><div class=\"spacer spacer-two single-space\"><\/div><\/div><\/div>\n\t\t\t\t\t\t\t<\/div><\/div><\/div>\t\t\t\t\t\t<\/div>\n\t\t\t\t\t<\/div>\n\n\t\n\t\n<\/div>\n\n<\/div><\/div><\/div><\/div><\/div><\/div><\/div><\/div><\/div><\/div><\/div><\/div><\/div><script id=\"script-row-unique-0\" data-row=\"script-row-unique-0\" type=\"text\/javascript\" class=\"vc_controls\">UNCODE.initRow(document.getElementById(\"row-unique-0\"));<\/script><\/div><\/div><\/div>","protected":false},"excerpt":{"rendered":"ZYLINDER UND ANTRIEBE VENTILE DRUCKLUFTAUFBEREITUNG REKUPERATIONSMODUL - ENERGIESPARVENTIL VERSCHRAUBUNGEN, FITTINGS, SCHALLD\u00c4MPFER, MANOMETER, ZUBEH\u00d6R SONDERPNEUMATIC DRUCK-, TEMPERATUR-, F\u00dcLLSTANDS\u00dcBERWACHUNG PNEUMATISCHE STEUERUNGEN, ANLAGENBAU","protected":false},"author":1,"featured_media":0,"parent":0,"menu_order":0,"comment_status":"closed","ping_status":"closed","template":"","meta":{"footnotes":""},"class_list":["post-159","page","type-page","status-publish","hentry"],"_links":{"self":[{"href":"https:\/\/www.cic-weissach.de\/en\/wp-json\/wp\/v2\/pages\/159","targetHints":{"allow":["GET"]}}],"collection":[{"href":"https:\/\/www.cic-weissach.de\/en\/wp-json\/wp\/v2\/pages"}],"about":[{"href":"https:\/\/www.cic-weissach.de\/en\/wp-json\/wp\/v2\/types\/page"}],"author":[{"embeddable":true,"href":"https:\/\/www.cic-weissach.de\/en\/wp-json\/wp\/v2\/users\/1"}],"replies":[{"embeddable":true,"href":"https:\/\/www.cic-weissach.de\/en\/wp-json\/wp\/v2\/comments?post=159"}],"version-history":[{"count":25,"href":"https:\/\/www.cic-weissach.de\/en\/wp-json\/wp\/v2\/pages\/159\/revisions"}],"predecessor-version":[{"id":2050,"href":"https:\/\/www.cic-weissach.de\/en\/wp-json\/wp\/v2\/pages\/159\/revisions\/2050"}],"wp:attachment":[{"href":"https:\/\/www.cic-weissach.de\/en\/wp-json\/wp\/v2\/media?parent=159"}],"curies":[{"name":"wp","href":"https:\/\/api.w.org\/{rel}","templated":true}]}}