{"id":1438,"date":"2023-01-18T16:41:16","date_gmt":"2023-01-18T16:41:16","guid":{"rendered":"https:\/\/www.cic-weissach.de\/?page_id=1438"},"modified":"2023-01-31T10:24:54","modified_gmt":"2023-01-31T10:24:54","slug":"druck-temperatur-und-fuellstandueberwachung","status":"publish","type":"page","link":"https:\/\/www.cic-weissach.de\/en\/druck-temperatur-und-fuellstandueberwachung","title":{"rendered":"PRESSURE, TEMPERATURE AND FILL LEVEL MONITORING"},"content":{"rendered":"<div data-parent=\"true\" class=\"vc_row row-container\" id=\"row-unique-0\"><div class=\"row single-top-padding single-bottom-padding single-h-padding limit-width row-parent\"><div class=\"wpb_row row-inner\"><div class=\"wpb_column pos-top pos-center align_left column_parent col-lg-12 single-internal-gutter\"><div class=\"uncol style-light\"  ><div class=\"uncoltable\"><div class=\"uncell no-block-padding\" ><div class=\"uncont\"><div class=\"vc_custom_heading_wrap\"><div class=\"heading-text el-text\" ><h2 class=\"h2\" ><span>PRESSURE, TEMPERATURE AND FILL LEVEL MONITORING<\/span><\/h2><\/div><div class=\"clear\"><\/div><\/div><\/div><\/div><\/div><\/div><\/div><script id=\"script-row-unique-0\" data-row=\"script-row-unique-0\" type=\"text\/javascript\" class=\"vc_controls\">UNCODE.initRow(document.getElementById(\"row-unique-0\"));<\/script><\/div><\/div><\/div><div data-parent=\"true\" class=\"vc_row row-container\" style=\"z-index: 1;\" id=\"row-unique-1\"><div class=\"row unequal one-top-padding single-bottom-padding single-h-padding limit-width row-parent\"><div class=\"wpb_row shift_y_single shift_y_fixed row-inner\"><div class=\"wpb_column pos-top pos-center align_left column_parent col-lg-12 one-internal-gutter z_index_1\"><div class=\"uncol style-light shift_y_neg_single shift_y_fixed animate_when_almost_visible bottom-t-top\"  ><div class=\"uncoltable\"><div class=\"uncell  vc_custom_1673427745440 no-block-padding style-color-xsdn-bg unshadow-sm unradius-sm\" style=\"padding-top: 15px ;padding-right: 15px ;padding-bottom: 20px ;padding-left: 15px ;\" ><div class=\"uncont\"><div class=\"vc_row row-internal row-container\"><div class=\"row row-child\"><div class=\"wpb_row row-inner\"><div class=\"wpb_column pos-top pos-center align_left column_child col-lg-12 single-internal-gutter\"><div class=\"uncol style-light\" ><div class=\"uncoltable\"><div class=\"uncell no-block-padding\" ><div class=\"uncont\"><div id=\"gallery-921599\" class=\"isotope-system isotope-general-light grid-general-light\">\n\t\t\t\t\n\t<div class=\"isotope-wrapper grid-wrapper half-gutter\">\n\t\t\t\t\t\t<div class=\"isotope-container isotope-layout style-masonry\" data-type=\"masonry\" data-layout=\"masonry\" data-lg=\"1000\" data-md=\"600\" data-sm=\"480\">\n<div class=\"tmb tmb-iso-w4 tmb-iso-h4 img-round tmb-light tmb-overlay-text-anim tmb-overlay-anim tmb-content-center tmb-text-space-reduced tmb-image-anim tmb-bordered tmb-id-2033  tmb-img-ratio tmb-content-under tmb-media-first tmb-no-bg\" ><div class=\"t-inside\" ><div class=\"t-entry-visual\"><div class=\"t-entry-visual-tc\"><div class=\"t-entry-visual-cont\"><div class=\"dummy\" style=\"padding-top: 75.1%;\"><\/div><a tabindex=\"-1\" href=\"https:\/\/www.cic-weissach.de\/en\/druckschalter-pneumatisch-hydraulisch\/\" class=\"pushed\" data-lb-index=\"0\"><div class=\"t-entry-visual-overlay\"><div class=\"t-entry-visual-overlay-in style-dark-bg\" style=\"opacity: 0.6;\"><\/div><\/div><div class=\"t-overlay-wrap\"><div class=\"t-overlay-inner\">\n\t\t\t\t\t\t\t\t\t\t\t\t\t\t<div class=\"t-overlay-content\">\n\t\t\t\t\t\t\t\t\t\t\t\t\t\t\t<div class=\"t-overlay-text no-block-padding\"><div class=\"t-entry t-single-line\"><i class=\"fa fa-arrow-right4 t-icon-size-xl t-overlay-icon\"><\/i><\/div><\/div><\/div><\/div><\/div><img decoding=\"async\" class=\"wp-image-2033\" src=\"https:\/\/www.cic-weissach.de\/wp-content\/uploads\/2023\/01\/cic-pneumatic-druckschalter-uebersicht-uai-934x701.jpg\" width=\"934\" height=\"701\" alt=\"\" srcset=\"https:\/\/www.cic-weissach.de\/wp-content\/uploads\/2023\/01\/cic-pneumatic-druckschalter-uebersicht-uai-934x701.jpg 934w, https:\/\/www.cic-weissach.de\/wp-content\/uploads\/2023\/01\/cic-pneumatic-druckschalter-uebersicht-300x224.jpg 300w, https:\/\/www.cic-weissach.de\/wp-content\/uploads\/2023\/01\/cic-pneumatic-druckschalter-uebersicht-350x262.jpg 350w, https:\/\/www.cic-weissach.de\/wp-content\/uploads\/2023\/01\/cic-pneumatic-druckschalter-uebersicht-uai-720x540.jpg 720w\" sizes=\"(max-width: 934px) 100vw, 934px\" \/><\/a><\/div>\n\t\t\t\t\t<\/div>\n\t\t\t\t<\/div><div class=\"t-entry-text\">\n\t\t\t\t\t\t\t\t\t<div class=\"t-entry-text-tc no-block-padding\"><div class=\"t-entry\"><h3 class=\"t-entry-title h5 title-scale\"><a href=\"https:\/\/www.cic-weissach.de\/en\/druckschalter-pneumatisch-hydraulisch\/\">PRESSURE SWITCH PNEUMATIC, HYDRAULIC<\/a><\/h3><div class=\"spacer spacer-two single-space\"><\/div><\/div><\/div>\n\t\t\t\t\t\t\t<\/div><\/div><\/div><div class=\"tmb tmb-iso-w4 tmb-iso-h4 img-round tmb-light tmb-overlay-text-anim tmb-overlay-anim tmb-content-center tmb-text-space-reduced tmb-image-anim tmb-bordered tmb-id-2032  tmb-img-ratio tmb-content-under tmb-media-first tmb-no-bg\" ><div class=\"t-inside\" ><div class=\"t-entry-visual\"><div class=\"t-entry-visual-tc\"><div class=\"t-entry-visual-cont\"><div class=\"dummy\" style=\"padding-top: 75.1%;\"><\/div><a tabindex=\"-1\" href=\"https:\/\/www.cic-weissach.de\/en\/schalter-und-sensoren-fuer-temperatur\/\" class=\"pushed\" data-lb-index=\"1\"><div class=\"t-entry-visual-overlay\"><div class=\"t-entry-visual-overlay-in style-dark-bg\" style=\"opacity: 0.6;\"><\/div><\/div><div class=\"t-overlay-wrap\"><div class=\"t-overlay-inner\">\n\t\t\t\t\t\t\t\t\t\t\t\t\t\t<div class=\"t-overlay-content\">\n\t\t\t\t\t\t\t\t\t\t\t\t\t\t\t<div class=\"t-overlay-text no-block-padding\"><div class=\"t-entry t-single-line\"><i class=\"fa fa-arrow-right4 t-icon-size-xl t-overlay-icon\"><\/i><\/div><\/div><\/div><\/div><\/div><img decoding=\"async\" class=\"wp-image-2032\" src=\"https:\/\/www.cic-weissach.de\/wp-content\/uploads\/2023\/01\/cic-pneumatic-schalter-und-sensoren-temperatur-uebersicht-uai-934x701.jpg\" width=\"934\" height=\"701\" alt=\"\" srcset=\"https:\/\/www.cic-weissach.de\/wp-content\/uploads\/2023\/01\/cic-pneumatic-schalter-und-sensoren-temperatur-uebersicht-uai-934x701.jpg 934w, https:\/\/www.cic-weissach.de\/wp-content\/uploads\/2023\/01\/cic-pneumatic-schalter-und-sensoren-temperatur-uebersicht-300x224.jpg 300w, https:\/\/www.cic-weissach.de\/wp-content\/uploads\/2023\/01\/cic-pneumatic-schalter-und-sensoren-temperatur-uebersicht-350x262.jpg 350w, https:\/\/www.cic-weissach.de\/wp-content\/uploads\/2023\/01\/cic-pneumatic-schalter-und-sensoren-temperatur-uebersicht-uai-720x540.jpg 720w\" sizes=\"(max-width: 934px) 100vw, 934px\" \/><\/a><\/div>\n\t\t\t\t\t<\/div>\n\t\t\t\t<\/div><div class=\"t-entry-text\">\n\t\t\t\t\t\t\t\t\t<div class=\"t-entry-text-tc no-block-padding\"><div class=\"t-entry\"><h3 class=\"t-entry-title h5 title-scale\"><a href=\"https:\/\/www.cic-weissach.de\/en\/schalter-und-sensoren-fuer-temperatur\/\">SWITCHES AND SENSORS FOR TEMPERATURE<\/a><\/h3><div class=\"spacer spacer-two single-space\"><\/div><\/div><\/div>\n\t\t\t\t\t\t\t<\/div><\/div><\/div><div class=\"tmb tmb-iso-w4 tmb-iso-h4 img-round tmb-light tmb-overlay-text-anim tmb-overlay-anim tmb-content-center tmb-text-space-reduced tmb-image-anim tmb-bordered tmb-id-2034  tmb-img-ratio tmb-content-under tmb-media-first tmb-no-bg\" ><div class=\"t-inside\" ><div class=\"t-entry-visual\"><div class=\"t-entry-visual-tc\"><div class=\"t-entry-visual-cont\"><div class=\"dummy\" style=\"padding-top: 75.1%;\"><\/div><a tabindex=\"-1\" href=\"https:\/\/www.cic-weissach.de\/en\/sensoren-fuer-fuellstand\/\" class=\"pushed\" data-lb-index=\"2\"><div class=\"t-entry-visual-overlay\"><div class=\"t-entry-visual-overlay-in style-dark-bg\" style=\"opacity: 0.6;\"><\/div><\/div><div class=\"t-overlay-wrap\"><div class=\"t-overlay-inner\">\n\t\t\t\t\t\t\t\t\t\t\t\t\t\t<div class=\"t-overlay-content\">\n\t\t\t\t\t\t\t\t\t\t\t\t\t\t\t<div class=\"t-overlay-text no-block-padding\"><div class=\"t-entry t-single-line\"><i class=\"fa fa-arrow-right4 t-icon-size-xl t-overlay-icon\"><\/i><\/div><\/div><\/div><\/div><\/div><img decoding=\"async\" class=\"wp-image-2034\" src=\"https:\/\/www.cic-weissach.de\/wp-content\/uploads\/2023\/01\/cic-pneumatic-sensoren-fuer-fuellstand-uebersicht-uai-934x701.jpg\" width=\"934\" height=\"701\" alt=\"\" srcset=\"https:\/\/www.cic-weissach.de\/wp-content\/uploads\/2023\/01\/cic-pneumatic-sensoren-fuer-fuellstand-uebersicht-uai-934x701.jpg 934w, https:\/\/www.cic-weissach.de\/wp-content\/uploads\/2023\/01\/cic-pneumatic-sensoren-fuer-fuellstand-uebersicht-300x224.jpg 300w, https:\/\/www.cic-weissach.de\/wp-content\/uploads\/2023\/01\/cic-pneumatic-sensoren-fuer-fuellstand-uebersicht-350x262.jpg 350w, https:\/\/www.cic-weissach.de\/wp-content\/uploads\/2023\/01\/cic-pneumatic-sensoren-fuer-fuellstand-uebersicht-uai-720x540.jpg 720w\" sizes=\"(max-width: 934px) 100vw, 934px\" \/><\/a><\/div>\n\t\t\t\t\t<\/div>\n\t\t\t\t<\/div><div class=\"t-entry-text\">\n\t\t\t\t\t\t\t\t\t<div class=\"t-entry-text-tc no-block-padding\"><div class=\"t-entry\"><h3 class=\"t-entry-title h5 title-scale\"><a href=\"https:\/\/www.cic-weissach.de\/en\/sensoren-fuer-fuellstand\/\">LEVEL SENSORS<\/a><\/h3><div class=\"spacer spacer-two single-space\"><\/div><\/div><\/div>\n\t\t\t\t\t\t\t<\/div><\/div><\/div>\t\t\t\t\t\t<\/div>\n\t\t\t\t\t<\/div>\n\n\t\n\t\n<\/div>\n\n<\/div><\/div><\/div><\/div><\/div><\/div><\/div><\/div><\/div><\/div><\/div><\/div><\/div><script id=\"script-row-unique-1\" data-row=\"script-row-unique-1\" type=\"text\/javascript\" class=\"vc_controls\">UNCODE.initRow(document.getElementById(\"row-unique-1\"));<\/script><\/div><\/div><\/div><div data-parent=\"true\" class=\"vc_row row-container\" id=\"row-unique-2\"><div class=\"row one-top-padding single-bottom-padding single-h-padding limit-width row-parent\"><div class=\"wpb_row row-inner\"><div class=\"wpb_column pos-top pos-center align_left column_parent col-lg-12 single-internal-gutter\"><div class=\"uncol style-light\"  ><div class=\"uncoltable\"><div class=\"uncell no-block-padding\" ><div class=\"uncont\"><div class=\"vc_row vc_custom_1674207097633 row-internal row-container\" style=\"padding-top: 6px ;\"><div class=\"row row-child\"><div class=\"wpb_row row-inner\"><div class=\"wpb_column pos-top pos-center align_left column_child col-lg-12 single-internal-gutter\"><div class=\"uncol style-light\" ><div class=\"uncoltable\"><div class=\"uncell no-block-padding\" ><div class=\"uncont\"><div class=\"divider-wrapper\"  >\n    <hr class=\"border-color-wvjs-color separator-no-padding\"  \/>\n<\/div>\n<\/div><\/div><\/div><\/div><\/div><\/div><\/div><\/div>\n\t<div class=\"wpb_raw_code wpb_raw_js\" >\n\t\t<div class=\"wpb_wrapper\">\n\t\t\t<p style=\"font-weight:600;\"><span style=\"font-size:1.3em;vertical-align:-2px;\"><i class=\"fa fa-angle-left\" ><\/i><\/span>&nbsp; <script language=\"Javascript\"><!--\ndocument.writeln(\"<a href='Javascript:history.back()'>ZUR\u00dcCK<\/a>\");\n\/\/--> <\/script><\/p>\n\t\t<\/div>\n\t<\/div>\n<\/div><\/div><\/div><\/div><\/div><script id=\"script-row-unique-2\" data-row=\"script-row-unique-2\" type=\"text\/javascript\" class=\"vc_controls\">UNCODE.initRow(document.getElementById(\"row-unique-2\"));<\/script><\/div><\/div><\/div>","protected":false},"excerpt":{"rendered":"DRUCK-, TEMPERATUR- UND F\u00dcLLSTAND\u00dcBERWACHUNG DRUCKSCHALTER PNEUMATISCH, HYDRAULISCH SCHALTER UND SENSOREN F\u00dcR TEMPERATUR SENSOREN F\u00dcR F\u00dcLLSTAND &nbsp;","protected":false},"author":1,"featured_media":0,"parent":0,"menu_order":0,"comment_status":"closed","ping_status":"closed","template":"","meta":{"footnotes":""},"class_list":["post-1438","page","type-page","status-publish","hentry"],"_links":{"self":[{"href":"https:\/\/www.cic-weissach.de\/en\/wp-json\/wp\/v2\/pages\/1438","targetHints":{"allow":["GET"]}}],"collection":[{"href":"https:\/\/www.cic-weissach.de\/en\/wp-json\/wp\/v2\/pages"}],"about":[{"href":"https:\/\/www.cic-weissach.de\/en\/wp-json\/wp\/v2\/types\/page"}],"author":[{"embeddable":true,"href":"https:\/\/www.cic-weissach.de\/en\/wp-json\/wp\/v2\/users\/1"}],"replies":[{"embeddable":true,"href":"https:\/\/www.cic-weissach.de\/en\/wp-json\/wp\/v2\/comments?post=1438"}],"version-history":[{"count":13,"href":"https:\/\/www.cic-weissach.de\/en\/wp-json\/wp\/v2\/pages\/1438\/revisions"}],"predecessor-version":[{"id":1790,"href":"https:\/\/www.cic-weissach.de\/en\/wp-json\/wp\/v2\/pages\/1438\/revisions\/1790"}],"wp:attachment":[{"href":"https:\/\/www.cic-weissach.de\/en\/wp-json\/wp\/v2\/media?parent=1438"}],"curies":[{"name":"wp","href":"https:\/\/api.w.org\/{rel}","templated":true}]}}